{"id":1313,"date":"2022-02-11T13:30:14","date_gmt":"2022-02-11T13:30:14","guid":{"rendered":"https:\/\/ecobal.eu\/koszyk\/"},"modified":"2023-12-11T12:12:48","modified_gmt":"2023-12-11T12:12:48","slug":"koszyk","status":"publish","type":"page","link":"https:\/\/ecobal.eu\/pl\/koszyk\/","title":{"rendered":"Koszyk"},"content":{"rendered":"","protected":false},"excerpt":{"rendered":"","protected":false},"author":1,"featured_media":0,"parent":0,"menu_order":0,"comment_status":"closed","ping_status":"closed","template":"","meta":{"content-type":""},"class_list":["post-1313","page","type-page","status-publish","hentry"],"acf":[],"yoast_head":"<!-- This site is optimized with the Yoast SEO plugin v22.6 - https:\/\/yoast.com\/wordpress\/plugins\/seo\/ -->\n<title>Koszyk - Ecobal co w nim jest<\/title>\n<meta name=\"description\" content=\"W swoim koszyku mo\u017cesz zobaczy\u0107, co zamierzasz zam\u00f3wi\u0107 i na jak\u0105 cen\u0119 wystawimy Ci faktur\u0119. Aby unikn\u0105\u0107 nieporozumie\u0144\" \/>\n<meta name=\"robots\" content=\"index, follow, max-snippet:-1, max-image-preview:large, max-video-preview:-1\" \/>\n<link rel=\"canonical\" href=\"https:\/\/ecobal.eu\/pl\/koszyk\/\" \/>\n<meta property=\"og:locale\" content=\"pl_PL\" \/>\n<meta property=\"og:type\" content=\"article\" \/>\n<meta property=\"og:title\" content=\"Koszyk - Ecobal co w nim jest\" \/>\n<meta property=\"og:description\" content=\"W swoim koszyku mo\u017cesz zobaczy\u0107, co zamierzasz zam\u00f3wi\u0107 i na jak\u0105 cen\u0119 wystawimy Ci faktur\u0119. Aby unikn\u0105\u0107 nieporozumie\u0144\" \/>\n<meta property=\"og:url\" content=\"https:\/\/ecobal.eu\/pl\/koszyk\/\" \/>\n<meta property=\"og:site_name\" content=\"Ecobal\" \/>\n<meta property=\"article:modified_time\" content=\"2023-12-11T12:12:48+00:00\" \/>\n<meta name=\"twitter:card\" content=\"summary_large_image\" \/>\n<script type=\"application\/ld+json\" class=\"yoast-schema-graph\">{\"@context\":\"https:\/\/schema.org\",\"@graph\":[{\"@type\":\"WebPage\",\"@id\":\"https:\/\/ecobal.eu\/pl\/koszyk\/\",\"url\":\"https:\/\/ecobal.eu\/pl\/koszyk\/\",\"name\":\"Koszyk - Ecobal co w nim jest\",\"isPartOf\":{\"@id\":\"https:\/\/ecobal.eu\/#website\"},\"datePublished\":\"2022-02-11T13:30:14+00:00\",\"dateModified\":\"2023-12-11T12:12:48+00:00\",\"description\":\"W swoim koszyku mo\u017cesz zobaczy\u0107, co zamierzasz zam\u00f3wi\u0107 i na jak\u0105 cen\u0119 wystawimy Ci faktur\u0119. Aby unikn\u0105\u0107 nieporozumie\u0144\",\"inLanguage\":\"pl-PL\",\"potentialAction\":[{\"@type\":\"ReadAction\",\"target\":[\"https:\/\/ecobal.eu\/pl\/koszyk\/\"]}]},{\"@type\":\"WebSite\",\"@id\":\"https:\/\/ecobal.eu\/#website\",\"url\":\"https:\/\/ecobal.eu\/\",\"name\":\"Ecobal\",\"description\":\"Ecobal helps consumers and businesses to understand, preserve and offset, their carbon footprint.\",\"publisher\":{\"@id\":\"https:\/\/ecobal.eu\/#organization\"},\"potentialAction\":[{\"@type\":\"SearchAction\",\"target\":{\"@type\":\"EntryPoint\",\"urlTemplate\":\"https:\/\/ecobal.eu\/?s={search_term_string}\"},\"query-input\":\"required name=search_term_string\"}],\"inLanguage\":\"pl-PL\"},{\"@type\":\"Organization\",\"@id\":\"https:\/\/ecobal.eu\/#organization\",\"name\":\"Ecobal\",\"url\":\"https:\/\/ecobal.eu\/\",\"logo\":{\"@type\":\"ImageObject\",\"inLanguage\":\"pl-PL\",\"@id\":\"https:\/\/ecobal.eu\/#\/schema\/logo\/image\/\",\"url\":\"https:\/\/ecobal.eu\/app\/uploads\/2021\/10\/fav-icon.png\",\"contentUrl\":\"https:\/\/ecobal.eu\/app\/uploads\/2021\/10\/fav-icon.png\",\"width\":100,\"height\":100,\"caption\":\"Ecobal\"},\"image\":{\"@id\":\"https:\/\/ecobal.eu\/#\/schema\/logo\/image\/\"},\"sameAs\":[\"https:\/\/www.linkedin.com\/company\/ecobal-eu\"]}]}<\/script>\n<!-- \/ Yoast SEO plugin. -->","yoast_head_json":{"title":"Koszyk - Ecobal co w nim jest","description":"W swoim koszyku mo\u017cesz zobaczy\u0107, co zamierzasz zam\u00f3wi\u0107 i na jak\u0105 cen\u0119 wystawimy Ci faktur\u0119. Aby unikn\u0105\u0107 nieporozumie\u0144","robots":{"index":"index","follow":"follow","max-snippet":"max-snippet:-1","max-image-preview":"max-image-preview:large","max-video-preview":"max-video-preview:-1"},"canonical":"https:\/\/ecobal.eu\/pl\/koszyk\/","og_locale":"pl_PL","og_type":"article","og_title":"Koszyk - Ecobal co w nim jest","og_description":"W swoim koszyku mo\u017cesz zobaczy\u0107, co zamierzasz zam\u00f3wi\u0107 i na jak\u0105 cen\u0119 wystawimy Ci faktur\u0119. Aby unikn\u0105\u0107 nieporozumie\u0144","og_url":"https:\/\/ecobal.eu\/pl\/koszyk\/","og_site_name":"Ecobal","article_modified_time":"2023-12-11T12:12:48+00:00","twitter_card":"summary_large_image","schema":{"@context":"https:\/\/schema.org","@graph":[{"@type":"WebPage","@id":"https:\/\/ecobal.eu\/pl\/koszyk\/","url":"https:\/\/ecobal.eu\/pl\/koszyk\/","name":"Koszyk - Ecobal co w nim jest","isPartOf":{"@id":"https:\/\/ecobal.eu\/#website"},"datePublished":"2022-02-11T13:30:14+00:00","dateModified":"2023-12-11T12:12:48+00:00","description":"W swoim koszyku mo\u017cesz zobaczy\u0107, co zamierzasz zam\u00f3wi\u0107 i na jak\u0105 cen\u0119 wystawimy Ci faktur\u0119. Aby unikn\u0105\u0107 nieporozumie\u0144","inLanguage":"pl-PL","potentialAction":[{"@type":"ReadAction","target":["https:\/\/ecobal.eu\/pl\/koszyk\/"]}]},{"@type":"WebSite","@id":"https:\/\/ecobal.eu\/#website","url":"https:\/\/ecobal.eu\/","name":"Ecobal","description":"Ecobal helps consumers and businesses to understand, preserve and offset, their carbon footprint.","publisher":{"@id":"https:\/\/ecobal.eu\/#organization"},"potentialAction":[{"@type":"SearchAction","target":{"@type":"EntryPoint","urlTemplate":"https:\/\/ecobal.eu\/?s={search_term_string}"},"query-input":"required name=search_term_string"}],"inLanguage":"pl-PL"},{"@type":"Organization","@id":"https:\/\/ecobal.eu\/#organization","name":"Ecobal","url":"https:\/\/ecobal.eu\/","logo":{"@type":"ImageObject","inLanguage":"pl-PL","@id":"https:\/\/ecobal.eu\/#\/schema\/logo\/image\/","url":"https:\/\/ecobal.eu\/app\/uploads\/2021\/10\/fav-icon.png","contentUrl":"https:\/\/ecobal.eu\/app\/uploads\/2021\/10\/fav-icon.png","width":100,"height":100,"caption":"Ecobal"},"image":{"@id":"https:\/\/ecobal.eu\/#\/schema\/logo\/image\/"},"sameAs":["https:\/\/www.linkedin.com\/company\/ecobal-eu"]}]}},"_links":{"self":[{"href":"https:\/\/ecobal.eu\/pl\/wp-json\/wp\/v2\/pages\/1313","targetHints":{"allow":["GET"]}}],"collection":[{"href":"https:\/\/ecobal.eu\/pl\/wp-json\/wp\/v2\/pages"}],"about":[{"href":"https:\/\/ecobal.eu\/pl\/wp-json\/wp\/v2\/types\/page"}],"author":[{"embeddable":true,"href":"https:\/\/ecobal.eu\/pl\/wp-json\/wp\/v2\/users\/1"}],"replies":[{"embeddable":true,"href":"https:\/\/ecobal.eu\/pl\/wp-json\/wp\/v2\/comments?post=1313"}],"version-history":[{"count":0,"href":"https:\/\/ecobal.eu\/pl\/wp-json\/wp\/v2\/pages\/1313\/revisions"}],"wp:attachment":[{"href":"https:\/\/ecobal.eu\/pl\/wp-json\/wp\/v2\/media?parent=1313"}],"curies":[{"name":"wp","href":"https:\/\/api.w.org\/{rel}","templated":true}]}}