{"id":1316,"date":"2022-02-11T13:35:13","date_gmt":"2022-02-11T13:35:13","guid":{"rendered":"https:\/\/ecobal.eu\/kontakt\/"},"modified":"2023-12-05T10:36:29","modified_gmt":"2023-12-05T10:36:29","slug":"kontakt","status":"publish","type":"page","link":"https:\/\/ecobal.eu\/pl\/kontakt\/","title":{"rendered":"Skontaktuj si\u0119 z Nami"},"content":{"rendered":"","protected":false},"excerpt":{"rendered":"","protected":false},"author":1,"featured_media":0,"parent":0,"menu_order":0,"comment_status":"closed","ping_status":"closed","template":"","meta":{"content-type":""},"class_list":["post-1316","page","type-page","status-publish","hentry"],"acf":[],"yoast_head":"<!-- This site is optimized with the Yoast SEO plugin v22.6 - https:\/\/yoast.com\/wordpress\/plugins\/seo\/ -->\n<title>Contact options - Ecobal E-Mail, Telephone, and address<\/title>\n<meta name=\"description\" content=\"Kontakt Chcesz si\u0119 dowiedzie\u0107 wi\u0119cej o naszym projekcie? Wpisz swoje dane kontaktowe: B\u0119dziemy aktualizowa\u0107 Ciebie na bie\u017c\u0105co.\" \/>\n<meta name=\"robots\" content=\"index, follow, max-snippet:-1, max-image-preview:large, max-video-preview:-1\" \/>\n<link rel=\"canonical\" href=\"https:\/\/ecobal.eu\/pl\/kontakt\/\" \/>\n<meta property=\"og:locale\" content=\"pl_PL\" \/>\n<meta property=\"og:type\" content=\"article\" \/>\n<meta property=\"og:title\" content=\"Contact options - Ecobal E-Mail, Telephone, and address\" \/>\n<meta property=\"og:description\" content=\"Kontakt Chcesz si\u0119 dowiedzie\u0107 wi\u0119cej o naszym projekcie? Wpisz swoje dane kontaktowe: B\u0119dziemy aktualizowa\u0107 Ciebie na bie\u017c\u0105co.\" \/>\n<meta property=\"og:url\" content=\"https:\/\/ecobal.eu\/pl\/kontakt\/\" \/>\n<meta property=\"og:site_name\" content=\"Ecobal\" \/>\n<meta property=\"article:modified_time\" content=\"2023-12-05T10:36:29+00:00\" \/>\n<meta name=\"twitter:card\" content=\"summary_large_image\" \/>\n<script type=\"application\/ld+json\" class=\"yoast-schema-graph\">{\"@context\":\"https:\/\/schema.org\",\"@graph\":[{\"@type\":\"WebPage\",\"@id\":\"https:\/\/ecobal.eu\/pl\/kontakt\/\",\"url\":\"https:\/\/ecobal.eu\/pl\/kontakt\/\",\"name\":\"Contact options - Ecobal E-Mail, Telephone, and address\",\"isPartOf\":{\"@id\":\"https:\/\/ecobal.eu\/#website\"},\"datePublished\":\"2022-02-11T13:35:13+00:00\",\"dateModified\":\"2023-12-05T10:36:29+00:00\",\"description\":\"Kontakt Chcesz si\u0119 dowiedzie\u0107 wi\u0119cej o naszym projekcie? Wpisz swoje dane kontaktowe: B\u0119dziemy aktualizowa\u0107 Ciebie na bie\u017c\u0105co.\",\"inLanguage\":\"pl-PL\",\"potentialAction\":[{\"@type\":\"ReadAction\",\"target\":[\"https:\/\/ecobal.eu\/pl\/kontakt\/\"]}]},{\"@type\":\"WebSite\",\"@id\":\"https:\/\/ecobal.eu\/#website\",\"url\":\"https:\/\/ecobal.eu\/\",\"name\":\"Ecobal\",\"description\":\"Ecobal helps consumers and businesses to understand, preserve and offset, their carbon footprint.\",\"publisher\":{\"@id\":\"https:\/\/ecobal.eu\/#organization\"},\"potentialAction\":[{\"@type\":\"SearchAction\",\"target\":{\"@type\":\"EntryPoint\",\"urlTemplate\":\"https:\/\/ecobal.eu\/?s={search_term_string}\"},\"query-input\":\"required name=search_term_string\"}],\"inLanguage\":\"pl-PL\"},{\"@type\":\"Organization\",\"@id\":\"https:\/\/ecobal.eu\/#organization\",\"name\":\"Ecobal\",\"url\":\"https:\/\/ecobal.eu\/\",\"logo\":{\"@type\":\"ImageObject\",\"inLanguage\":\"pl-PL\",\"@id\":\"https:\/\/ecobal.eu\/#\/schema\/logo\/image\/\",\"url\":\"https:\/\/ecobal.eu\/app\/uploads\/2021\/10\/fav-icon.png\",\"contentUrl\":\"https:\/\/ecobal.eu\/app\/uploads\/2021\/10\/fav-icon.png\",\"width\":100,\"height\":100,\"caption\":\"Ecobal\"},\"image\":{\"@id\":\"https:\/\/ecobal.eu\/#\/schema\/logo\/image\/\"},\"sameAs\":[\"https:\/\/www.linkedin.com\/company\/ecobal-eu\"]}]}<\/script>\n<!-- \/ Yoast SEO plugin. -->","yoast_head_json":{"title":"Contact options - Ecobal E-Mail, Telephone, and address","description":"Kontakt Chcesz si\u0119 dowiedzie\u0107 wi\u0119cej o naszym projekcie? Wpisz swoje dane kontaktowe: B\u0119dziemy aktualizowa\u0107 Ciebie na bie\u017c\u0105co.","robots":{"index":"index","follow":"follow","max-snippet":"max-snippet:-1","max-image-preview":"max-image-preview:large","max-video-preview":"max-video-preview:-1"},"canonical":"https:\/\/ecobal.eu\/pl\/kontakt\/","og_locale":"pl_PL","og_type":"article","og_title":"Contact options - Ecobal E-Mail, Telephone, and address","og_description":"Kontakt Chcesz si\u0119 dowiedzie\u0107 wi\u0119cej o naszym projekcie? Wpisz swoje dane kontaktowe: B\u0119dziemy aktualizowa\u0107 Ciebie na bie\u017c\u0105co.","og_url":"https:\/\/ecobal.eu\/pl\/kontakt\/","og_site_name":"Ecobal","article_modified_time":"2023-12-05T10:36:29+00:00","twitter_card":"summary_large_image","schema":{"@context":"https:\/\/schema.org","@graph":[{"@type":"WebPage","@id":"https:\/\/ecobal.eu\/pl\/kontakt\/","url":"https:\/\/ecobal.eu\/pl\/kontakt\/","name":"Contact options - Ecobal E-Mail, Telephone, and address","isPartOf":{"@id":"https:\/\/ecobal.eu\/#website"},"datePublished":"2022-02-11T13:35:13+00:00","dateModified":"2023-12-05T10:36:29+00:00","description":"Kontakt Chcesz si\u0119 dowiedzie\u0107 wi\u0119cej o naszym projekcie? Wpisz swoje dane kontaktowe: B\u0119dziemy aktualizowa\u0107 Ciebie na bie\u017c\u0105co.","inLanguage":"pl-PL","potentialAction":[{"@type":"ReadAction","target":["https:\/\/ecobal.eu\/pl\/kontakt\/"]}]},{"@type":"WebSite","@id":"https:\/\/ecobal.eu\/#website","url":"https:\/\/ecobal.eu\/","name":"Ecobal","description":"Ecobal helps consumers and businesses to understand, preserve and offset, their carbon footprint.","publisher":{"@id":"https:\/\/ecobal.eu\/#organization"},"potentialAction":[{"@type":"SearchAction","target":{"@type":"EntryPoint","urlTemplate":"https:\/\/ecobal.eu\/?s={search_term_string}"},"query-input":"required name=search_term_string"}],"inLanguage":"pl-PL"},{"@type":"Organization","@id":"https:\/\/ecobal.eu\/#organization","name":"Ecobal","url":"https:\/\/ecobal.eu\/","logo":{"@type":"ImageObject","inLanguage":"pl-PL","@id":"https:\/\/ecobal.eu\/#\/schema\/logo\/image\/","url":"https:\/\/ecobal.eu\/app\/uploads\/2021\/10\/fav-icon.png","contentUrl":"https:\/\/ecobal.eu\/app\/uploads\/2021\/10\/fav-icon.png","width":100,"height":100,"caption":"Ecobal"},"image":{"@id":"https:\/\/ecobal.eu\/#\/schema\/logo\/image\/"},"sameAs":["https:\/\/www.linkedin.com\/company\/ecobal-eu"]}]}},"_links":{"self":[{"href":"https:\/\/ecobal.eu\/pl\/wp-json\/wp\/v2\/pages\/1316","targetHints":{"allow":["GET"]}}],"collection":[{"href":"https:\/\/ecobal.eu\/pl\/wp-json\/wp\/v2\/pages"}],"about":[{"href":"https:\/\/ecobal.eu\/pl\/wp-json\/wp\/v2\/types\/page"}],"author":[{"embeddable":true,"href":"https:\/\/ecobal.eu\/pl\/wp-json\/wp\/v2\/users\/1"}],"replies":[{"embeddable":true,"href":"https:\/\/ecobal.eu\/pl\/wp-json\/wp\/v2\/comments?post=1316"}],"version-history":[{"count":0,"href":"https:\/\/ecobal.eu\/pl\/wp-json\/wp\/v2\/pages\/1316\/revisions"}],"wp:attachment":[{"href":"https:\/\/ecobal.eu\/pl\/wp-json\/wp\/v2\/media?parent=1316"}],"curies":[{"name":"wp","href":"https:\/\/api.w.org\/{rel}","templated":true}]}}