{"id":1317,"date":"2022-02-11T13:36:15","date_gmt":"2022-02-11T13:36:15","guid":{"rendered":"https:\/\/ecobal.eu\/don-trucking\/"},"modified":"2022-04-25T06:35:23","modified_gmt":"2022-04-25T06:35:23","slug":"don-trucking","status":"publish","type":"page","link":"https:\/\/ecobal.eu\/pl\/don-trucking\/","title":{"rendered":"Don Trucking"},"content":{"rendered":"","protected":false},"excerpt":{"rendered":"","protected":false},"author":1,"featured_media":0,"parent":0,"menu_order":0,"comment_status":"closed","ping_status":"closed","template":"","meta":{"content-type":""},"class_list":["post-1317","page","type-page","status-publish","hentry"],"acf":[],"yoast_head":"<!-- This site is optimized with the Yoast SEO plugin v22.6 - https:\/\/yoast.com\/wordpress\/plugins\/seo\/ -->\n<title>Don Trucking - Ecobal - Patron i sponsor<\/title>\n<meta name=\"description\" content=\"Don Trucking Patron i sponsor. Don Trucking i Ecobal \u015bci\u015ble wsp\u00f3\u0142pracuj\u0105, aby osi\u0105gn\u0105\u0107 sw\u00f3j wsp\u00f3lny cel, zr\u00f3wnowa\u017cony \u015bwiat dla (przysz\u0142ych) pokole\u0144\" \/>\n<meta name=\"robots\" content=\"index, follow, max-snippet:-1, max-image-preview:large, max-video-preview:-1\" \/>\n<link rel=\"canonical\" href=\"https:\/\/ecobal.eu\/don-trucking-patron-sponsor\/\" \/>\n<meta property=\"og:locale\" content=\"pl_PL\" \/>\n<meta property=\"og:type\" content=\"article\" \/>\n<meta property=\"og:title\" content=\"Don Trucking - Ecobal - Patron i sponsor\" \/>\n<meta property=\"og:description\" content=\"Don Trucking Patron i sponsor. Don Trucking i Ecobal \u015bci\u015ble wsp\u00f3\u0142pracuj\u0105, aby osi\u0105gn\u0105\u0107 sw\u00f3j wsp\u00f3lny cel, zr\u00f3wnowa\u017cony \u015bwiat dla (przysz\u0142ych) pokole\u0144\" \/>\n<meta property=\"og:url\" content=\"https:\/\/ecobal.eu\/don-trucking-patron-sponsor\/\" \/>\n<meta property=\"og:site_name\" content=\"Ecobal\" \/>\n<meta property=\"article:modified_time\" content=\"2022-04-25T06:35:23+00:00\" \/>\n<meta name=\"twitter:card\" content=\"summary_large_image\" \/>\n<script type=\"application\/ld+json\" class=\"yoast-schema-graph\">{\"@context\":\"https:\/\/schema.org\",\"@graph\":[{\"@type\":\"WebPage\",\"@id\":\"https:\/\/ecobal.eu\/don-trucking-patron-sponsor\/\",\"url\":\"https:\/\/ecobal.eu\/don-trucking-patron-sponsor\/\",\"name\":\"Don Trucking - Ecobal - Patron i sponsor\",\"isPartOf\":{\"@id\":\"https:\/\/ecobal.eu\/#website\"},\"datePublished\":\"2022-02-11T13:36:15+00:00\",\"dateModified\":\"2022-04-25T06:35:23+00:00\",\"description\":\"Don Trucking Patron i sponsor. Don Trucking i Ecobal \u015bci\u015ble wsp\u00f3\u0142pracuj\u0105, aby osi\u0105gn\u0105\u0107 sw\u00f3j wsp\u00f3lny cel, zr\u00f3wnowa\u017cony \u015bwiat dla (przysz\u0142ych) pokole\u0144\",\"inLanguage\":\"pl-PL\",\"potentialAction\":[{\"@type\":\"ReadAction\",\"target\":[\"https:\/\/ecobal.eu\/don-trucking-patron-sponsor\/\"]}]},{\"@type\":\"WebSite\",\"@id\":\"https:\/\/ecobal.eu\/#website\",\"url\":\"https:\/\/ecobal.eu\/\",\"name\":\"Ecobal\",\"description\":\"Ecobal helps consumers and businesses to understand, preserve and offset, their carbon footprint.\",\"publisher\":{\"@id\":\"https:\/\/ecobal.eu\/#organization\"},\"potentialAction\":[{\"@type\":\"SearchAction\",\"target\":{\"@type\":\"EntryPoint\",\"urlTemplate\":\"https:\/\/ecobal.eu\/?s={search_term_string}\"},\"query-input\":\"required name=search_term_string\"}],\"inLanguage\":\"pl-PL\"},{\"@type\":\"Organization\",\"@id\":\"https:\/\/ecobal.eu\/#organization\",\"name\":\"Ecobal\",\"url\":\"https:\/\/ecobal.eu\/\",\"logo\":{\"@type\":\"ImageObject\",\"inLanguage\":\"pl-PL\",\"@id\":\"https:\/\/ecobal.eu\/#\/schema\/logo\/image\/\",\"url\":\"https:\/\/ecobal.eu\/app\/uploads\/2021\/10\/fav-icon.png\",\"contentUrl\":\"https:\/\/ecobal.eu\/app\/uploads\/2021\/10\/fav-icon.png\",\"width\":100,\"height\":100,\"caption\":\"Ecobal\"},\"image\":{\"@id\":\"https:\/\/ecobal.eu\/#\/schema\/logo\/image\/\"},\"sameAs\":[\"https:\/\/www.linkedin.com\/company\/ecobal-eu\"]}]}<\/script>\n<!-- \/ Yoast SEO plugin. -->","yoast_head_json":{"title":"Don Trucking - Ecobal - Patron i sponsor","description":"Don Trucking Patron i sponsor. Don Trucking i Ecobal \u015bci\u015ble wsp\u00f3\u0142pracuj\u0105, aby osi\u0105gn\u0105\u0107 sw\u00f3j wsp\u00f3lny cel, zr\u00f3wnowa\u017cony \u015bwiat dla (przysz\u0142ych) pokole\u0144","robots":{"index":"index","follow":"follow","max-snippet":"max-snippet:-1","max-image-preview":"max-image-preview:large","max-video-preview":"max-video-preview:-1"},"canonical":"https:\/\/ecobal.eu\/don-trucking-patron-sponsor\/","og_locale":"pl_PL","og_type":"article","og_title":"Don Trucking - Ecobal - Patron i sponsor","og_description":"Don Trucking Patron i sponsor. Don Trucking i Ecobal \u015bci\u015ble wsp\u00f3\u0142pracuj\u0105, aby osi\u0105gn\u0105\u0107 sw\u00f3j wsp\u00f3lny cel, zr\u00f3wnowa\u017cony \u015bwiat dla (przysz\u0142ych) pokole\u0144","og_url":"https:\/\/ecobal.eu\/don-trucking-patron-sponsor\/","og_site_name":"Ecobal","article_modified_time":"2022-04-25T06:35:23+00:00","twitter_card":"summary_large_image","schema":{"@context":"https:\/\/schema.org","@graph":[{"@type":"WebPage","@id":"https:\/\/ecobal.eu\/don-trucking-patron-sponsor\/","url":"https:\/\/ecobal.eu\/don-trucking-patron-sponsor\/","name":"Don Trucking - Ecobal - Patron i sponsor","isPartOf":{"@id":"https:\/\/ecobal.eu\/#website"},"datePublished":"2022-02-11T13:36:15+00:00","dateModified":"2022-04-25T06:35:23+00:00","description":"Don Trucking Patron i sponsor. Don Trucking i Ecobal \u015bci\u015ble wsp\u00f3\u0142pracuj\u0105, aby osi\u0105gn\u0105\u0107 sw\u00f3j wsp\u00f3lny cel, zr\u00f3wnowa\u017cony \u015bwiat dla (przysz\u0142ych) pokole\u0144","inLanguage":"pl-PL","potentialAction":[{"@type":"ReadAction","target":["https:\/\/ecobal.eu\/don-trucking-patron-sponsor\/"]}]},{"@type":"WebSite","@id":"https:\/\/ecobal.eu\/#website","url":"https:\/\/ecobal.eu\/","name":"Ecobal","description":"Ecobal helps consumers and businesses to understand, preserve and offset, their carbon footprint.","publisher":{"@id":"https:\/\/ecobal.eu\/#organization"},"potentialAction":[{"@type":"SearchAction","target":{"@type":"EntryPoint","urlTemplate":"https:\/\/ecobal.eu\/?s={search_term_string}"},"query-input":"required name=search_term_string"}],"inLanguage":"pl-PL"},{"@type":"Organization","@id":"https:\/\/ecobal.eu\/#organization","name":"Ecobal","url":"https:\/\/ecobal.eu\/","logo":{"@type":"ImageObject","inLanguage":"pl-PL","@id":"https:\/\/ecobal.eu\/#\/schema\/logo\/image\/","url":"https:\/\/ecobal.eu\/app\/uploads\/2021\/10\/fav-icon.png","contentUrl":"https:\/\/ecobal.eu\/app\/uploads\/2021\/10\/fav-icon.png","width":100,"height":100,"caption":"Ecobal"},"image":{"@id":"https:\/\/ecobal.eu\/#\/schema\/logo\/image\/"},"sameAs":["https:\/\/www.linkedin.com\/company\/ecobal-eu"]}]}},"_links":{"self":[{"href":"https:\/\/ecobal.eu\/pl\/wp-json\/wp\/v2\/pages\/1317","targetHints":{"allow":["GET"]}}],"collection":[{"href":"https:\/\/ecobal.eu\/pl\/wp-json\/wp\/v2\/pages"}],"about":[{"href":"https:\/\/ecobal.eu\/pl\/wp-json\/wp\/v2\/types\/page"}],"author":[{"embeddable":true,"href":"https:\/\/ecobal.eu\/pl\/wp-json\/wp\/v2\/users\/1"}],"replies":[{"embeddable":true,"href":"https:\/\/ecobal.eu\/pl\/wp-json\/wp\/v2\/comments?post=1317"}],"version-history":[{"count":0,"href":"https:\/\/ecobal.eu\/pl\/wp-json\/wp\/v2\/pages\/1317\/revisions"}],"wp:attachment":[{"href":"https:\/\/ecobal.eu\/pl\/wp-json\/wp\/v2\/media?parent=1317"}],"curies":[{"name":"wp","href":"https:\/\/api.w.org\/{rel}","templated":true}]}}