{"id":1324,"date":"2022-02-11T13:44:35","date_gmt":"2022-02-11T13:44:35","guid":{"rendered":"https:\/\/ecobal.eu\/polityka-refundacji-i-zwrotow\/"},"modified":"2022-02-11T13:44:35","modified_gmt":"2022-02-11T13:44:35","slug":"polityka-refundacji-i-zwrotow","status":"publish","type":"page","link":"https:\/\/ecobal.eu\/pl\/polityka-refundacji-i-zwrotow\/","title":{"rendered":"Polityka refundacji i zwrot\u00f3w"},"content":{"rendered":"\r\n\r\n<b>T<\/b>\r\n\r\nto jest przyk\u0142adowa strona.\r\n\r\nPrzegl\u0105d\r\n\r\nNasza polityka zwrot\u00f3w i refundacji trwa 30 dni. Je\u015bli min\u0119\u0142o 30 dni od daty zakupu, nie mo\u017cemy zaoferowa\u0107 Ci pe\u0142nego zwrotu pieni\u0119dzy lub wymiany.\r\n\r\nAby kwalifikowa\u0107 si\u0119 do zwrotu, produkt musi by\u0107 nieu\u017cywany i w takim samym stanie, w jakim go otrzyma\u0142e\u015b. Musi r\u00f3wnie\u017c znajdowa\u0107 si\u0119 w oryginalnym opakowaniu.\r\n\r\nKilka rodzaj\u00f3w towar\u00f3w jest wy\u0142\u0105czonych z mo\u017cliwo\u015bci zwrotu. Towary \u0142atwo psuj\u0105ce si\u0119, takie jak \u017cywno\u015b\u0107, kwiaty, gazety lub czasopisma nie mog\u0105 by\u0107 zwracane. Nie przyjmujemy r\u00f3wnie\u017c produkt\u00f3w intymnych, artyku\u0142\u00f3w higienicznych, materia\u0142\u00f3w niebezpiecznych, \u0142atwopalnych cieczy lub gaz\u00f3w.\r\n\r\nDodatkowe przedmioty nie podlegaj\u0105ce zwrotowi:\r\n\r\nKarty podarunkowe\r\nOprogramowanie do pobrania\r\nNiekt\u00f3re produkty zdrowotne i higieny osobistej.\r\nDo dokonania zwrotu wymagany jest paragon lub dow\u00f3d zakupu.\r\n\r\nProsimy nie odsy\u0142a\u0107 zakupionego towaru do producenta.\r\n\r\nW niekt\u00f3rych sytuacjach przys\u0142uguje tylko cz\u0119\u015bciowy zwrot pieni\u0119dzy:\r\n\r\nKsi\u0105\u017cka z widocznymi \u015bladami u\u017cytkowania\r\nP\u0142yta CD, DVD, ta\u015bma VHS, oprogramowanie, gra wideo, kaseta magnetofonowa lub p\u0142yta winylowa, kt\u00f3ra zosta\u0142a otwarta.\r\nKa\u017cdy przedmiot nie jest w oryginalnym stanie, jest uszkodzony lub brakuje mu cz\u0119\u015bci z powod\u00f3w nie wynikaj\u0105cych z naszego b\u0142\u0119du.\r\nKa\u017cdy przedmiot, kt\u00f3ry jest zwracany po ponad 30 dniach od daty dostawy.\r\nZwroty\r\n\r\nPo otrzymaniu i sprawdzeniu zwrotu wy\u015blemy Ci wiadomo\u015b\u0107 e-mail z informacj\u0105, \u017ce otrzymali\u015bmy zwr\u00f3cony przedmiot. Powiadomimy Ci\u0119 r\u00f3wnie\u017c o zatwierdzeniu lub odrzuceniu Twojego zwrotu.\r\n\r\nJe\u015bli zostaniesz zaakceptowany, Tw\u00f3j zwrot zostanie przetworzony, a kredyt zostanie automatycznie zastosowany do Twojej karty kredytowej lub oryginalnej metody p\u0142atno\u015bci, w ci\u0105gu okre\u015blonej liczby dni.\r\n\r\nSp\u00f3\u017anione lub brakuj\u0105ce zwroty\r\n\r\nJe\u015bli nie otrzyma\u0142e\u015b jeszcze zwrotu pieni\u0119dzy, najpierw sprawd\u017a ponownie swoje konto bankowe.\r\n\r\nNast\u0119pnie skontaktuj si\u0119 z firm\u0105 obs\u0142uguj\u0105c\u0105 Twoj\u0105 kart\u0119 kredytow\u0105, mo\u017ce min\u0105\u0107 troch\u0119 czasu zanim zwrot zostanie oficjalnie zaksi\u0119gowany.\r\n\r\nNast\u0119pnie skontaktuj si\u0119 z bankiem. Cz\u0119sto jest troch\u0119 czasu na przetworzenie danych zanim zwrot zostanie zaksi\u0119gowany.\r\n\r\nJe\u015bli zrobi\u0142e\u015b to wszystko i nadal nie otrzyma\u0142e\u015b zwrotu pieni\u0119dzy, skontaktuj si\u0119 z nami pod adresem {adres e-mail}.\r\n\r\nArtyku\u0142y z wyprzeda\u017cy\r\n\r\nZwrotowi podlegaj\u0105 tylko produkty w regularnej cenie. Artyku\u0142y z wyprzeda\u017cy nie podlegaj\u0105 zwrotowi.\r\n\r\nWymiany\r\n\r\nWymieniamy przedmioty tylko wtedy, gdy s\u0105 one wadliwe lub uszkodzone. Je\u015bli chcesz wymieni\u0107 go na taki sam przedmiot, wy\u015blij nam wiadomo\u015b\u0107 e-mail na adres {adres e-mail} i wy\u015blij sw\u00f3j przedmiot do: {adres fizyczny}.\r\n\r\nPrezenty\r\n\r\nJe\u015bli przedmiot zosta\u0142 oznaczony jako prezent w momencie zakupu i wys\u0142any bezpo\u015brednio do Ciebie, otrzymasz kredyt na prezent o warto\u015bci zwr\u00f3conego przedmiotu. Po otrzymaniu zwr\u00f3conego przedmiotu zostanie do Ciebie wys\u0142any bon upominkowy.\r\n\r\nJe\u015bli przedmiot nie by\u0142 oznaczony jako prezent w momencie zakupu lub osoba obdarowuj\u0105ca wys\u0142a\u0142a zam\u00f3wienie do siebie, aby p\u00f3\u017aniej przekaza\u0107 je Tobie, wy\u015blemy zwrot pieni\u0119dzy do osoby obdarowuj\u0105cej, kt\u00f3ra dowie si\u0119 o Twoim zwrocie.\r\n\r\nZwroty wysy\u0142kowe\r\n\r\nAby zwr\u00f3ci\u0107 produkt, nale\u017cy wys\u0142a\u0107 go poczt\u0105 na adres: {adres fizyczny}.\r\n\r\nB\u0119dziesz odpowiedzialny za op\u0142acenie koszt\u00f3w wysy\u0142ki zwracanego produktu. Koszty wysy\u0142ki nie podlegaj\u0105 zwrotowi. Je\u015bli otrzymasz zwrot pieni\u0119dzy, koszt przesy\u0142ki zwrotnej zostanie odliczony od kwoty zwrotu.\r\n\r\nW zale\u017cno\u015bci od Twojego miejsca zamieszkania, czas, jaki mo\u017ce up\u0142yn\u0105\u0107, zanim wymieniony produkt dotrze do Ciebie, mo\u017ce si\u0119 r\u00f3\u017cni\u0107.\r\n\r\nJe\u015bli zwracasz dro\u017csze produkty, mo\u017cesz rozwa\u017cy\u0107 skorzystanie z us\u0142ugi \u015bledzenia przesy\u0142ki lub wykupienia ubezpieczenia przesy\u0142ki. Nie gwarantujemy, \u017ce otrzymamy zwracany produkt.\r\n\r\nPotrzebujesz pomocy?\r\n\r\nSkontaktuj si\u0119 z nami pod adresem {email} w przypadku pyta\u0144 dotycz\u0105cych zwrot\u00f3w i refundacji.\r\n\r\nPrzet\u0142umaczono z www.DeepL.com\/Translator (wersja darmowa)\r\n\r\n","protected":false},"excerpt":{"rendered":"<p>T to jest przyk\u0142adowa strona. Przegl\u0105d Nasza polityka zwrot\u00f3w i refundacji trwa 30 dni. Je\u015bli<\/p>\n","protected":false},"author":1,"featured_media":0,"parent":0,"menu_order":0,"comment_status":"closed","ping_status":"closed","template":"","meta":{"content-type":""},"class_list":["post-1324","page","type-page","status-publish","hentry"],"acf":[],"yoast_head":"<!-- This site is optimized with the Yoast SEO plugin v22.6 - https:\/\/yoast.com\/wordpress\/plugins\/seo\/ -->\n<title>Polityka refundacji i zwrot\u00f3w - Ecobal - Jak to dzia\u0142a?<\/title>\n<meta name=\"description\" content=\"Polityka refundacji i zwrot\u00f3w. Jak to dzia\u0142a? Je\u015bli bior\u0119 udzia\u0142 w Ecobal, czy mog\u0119 odzyska\u0107 swoje pieni\u0105dze? Co si\u0119 stanie, gdy zwr\u00f3c\u0119 moje dzia\u0142ki?\" \/>\n<meta name=\"robots\" content=\"index, follow, max-snippet:-1, max-image-preview:large, max-video-preview:-1\" \/>\n<link rel=\"canonical\" href=\"https:\/\/ecobal.eu\/refund-and-returns-policy\/\" \/>\n<meta property=\"og:locale\" content=\"pl_PL\" \/>\n<meta property=\"og:type\" content=\"article\" \/>\n<meta property=\"og:title\" content=\"Polityka refundacji i zwrot\u00f3w - Ecobal - Jak to dzia\u0142a?\" \/>\n<meta property=\"og:description\" content=\"Polityka refundacji i zwrot\u00f3w. Jak to dzia\u0142a? Je\u015bli bior\u0119 udzia\u0142 w Ecobal, czy mog\u0119 odzyska\u0107 swoje pieni\u0105dze? Co si\u0119 stanie, gdy zwr\u00f3c\u0119 moje dzia\u0142ki?\" \/>\n<meta property=\"og:url\" content=\"https:\/\/ecobal.eu\/refund-and-returns-policy\/\" \/>\n<meta property=\"og:site_name\" content=\"Ecobal\" \/>\n<meta name=\"twitter:card\" content=\"summary_large_image\" \/>\n<meta name=\"twitter:label1\" content=\"Est. reading time\" \/>\n\t<meta name=\"twitter:data1\" content=\"3 minutes\" \/>\n<script type=\"application\/ld+json\" class=\"yoast-schema-graph\">{\"@context\":\"https:\/\/schema.org\",\"@graph\":[{\"@type\":\"WebPage\",\"@id\":\"https:\/\/ecobal.eu\/refund-and-returns-policy\/\",\"url\":\"https:\/\/ecobal.eu\/refund-and-returns-policy\/\",\"name\":\"Polityka refundacji i zwrot\u00f3w - Ecobal - Jak to dzia\u0142a?\",\"isPartOf\":{\"@id\":\"https:\/\/ecobal.eu\/#website\"},\"datePublished\":\"2022-02-11T13:44:35+00:00\",\"dateModified\":\"2022-02-11T13:44:35+00:00\",\"description\":\"Polityka refundacji i zwrot\u00f3w. Jak to dzia\u0142a? Je\u015bli bior\u0119 udzia\u0142 w Ecobal, czy mog\u0119 odzyska\u0107 swoje pieni\u0105dze? Co si\u0119 stanie, gdy zwr\u00f3c\u0119 moje dzia\u0142ki?\",\"inLanguage\":\"pl-PL\",\"potentialAction\":[{\"@type\":\"ReadAction\",\"target\":[\"https:\/\/ecobal.eu\/refund-and-returns-policy\/\"]}]},{\"@type\":\"WebSite\",\"@id\":\"https:\/\/ecobal.eu\/#website\",\"url\":\"https:\/\/ecobal.eu\/\",\"name\":\"Ecobal\",\"description\":\"Ecobal helps consumers and businesses to understand, preserve and offset, their carbon footprint.\",\"publisher\":{\"@id\":\"https:\/\/ecobal.eu\/#organization\"},\"potentialAction\":[{\"@type\":\"SearchAction\",\"target\":{\"@type\":\"EntryPoint\",\"urlTemplate\":\"https:\/\/ecobal.eu\/?s={search_term_string}\"},\"query-input\":\"required name=search_term_string\"}],\"inLanguage\":\"pl-PL\"},{\"@type\":\"Organization\",\"@id\":\"https:\/\/ecobal.eu\/#organization\",\"name\":\"Ecobal\",\"url\":\"https:\/\/ecobal.eu\/\",\"logo\":{\"@type\":\"ImageObject\",\"inLanguage\":\"pl-PL\",\"@id\":\"https:\/\/ecobal.eu\/#\/schema\/logo\/image\/\",\"url\":\"https:\/\/ecobal.eu\/app\/uploads\/2021\/10\/fav-icon.png\",\"contentUrl\":\"https:\/\/ecobal.eu\/app\/uploads\/2021\/10\/fav-icon.png\",\"width\":100,\"height\":100,\"caption\":\"Ecobal\"},\"image\":{\"@id\":\"https:\/\/ecobal.eu\/#\/schema\/logo\/image\/\"},\"sameAs\":[\"https:\/\/www.linkedin.com\/company\/ecobal-eu\"]}]}<\/script>\n<!-- \/ Yoast SEO plugin. -->","yoast_head_json":{"title":"Polityka refundacji i zwrot\u00f3w - Ecobal - Jak to dzia\u0142a?","description":"Polityka refundacji i zwrot\u00f3w. Jak to dzia\u0142a? Je\u015bli bior\u0119 udzia\u0142 w Ecobal, czy mog\u0119 odzyska\u0107 swoje pieni\u0105dze? Co si\u0119 stanie, gdy zwr\u00f3c\u0119 moje dzia\u0142ki?","robots":{"index":"index","follow":"follow","max-snippet":"max-snippet:-1","max-image-preview":"max-image-preview:large","max-video-preview":"max-video-preview:-1"},"canonical":"https:\/\/ecobal.eu\/refund-and-returns-policy\/","og_locale":"pl_PL","og_type":"article","og_title":"Polityka refundacji i zwrot\u00f3w - Ecobal - Jak to dzia\u0142a?","og_description":"Polityka refundacji i zwrot\u00f3w. Jak to dzia\u0142a? Je\u015bli bior\u0119 udzia\u0142 w Ecobal, czy mog\u0119 odzyska\u0107 swoje pieni\u0105dze? Co si\u0119 stanie, gdy zwr\u00f3c\u0119 moje dzia\u0142ki?","og_url":"https:\/\/ecobal.eu\/refund-and-returns-policy\/","og_site_name":"Ecobal","twitter_card":"summary_large_image","twitter_misc":{"Est. reading time":"3 minutes"},"schema":{"@context":"https:\/\/schema.org","@graph":[{"@type":"WebPage","@id":"https:\/\/ecobal.eu\/refund-and-returns-policy\/","url":"https:\/\/ecobal.eu\/refund-and-returns-policy\/","name":"Polityka refundacji i zwrot\u00f3w - Ecobal - Jak to dzia\u0142a?","isPartOf":{"@id":"https:\/\/ecobal.eu\/#website"},"datePublished":"2022-02-11T13:44:35+00:00","dateModified":"2022-02-11T13:44:35+00:00","description":"Polityka refundacji i zwrot\u00f3w. Jak to dzia\u0142a? Je\u015bli bior\u0119 udzia\u0142 w Ecobal, czy mog\u0119 odzyska\u0107 swoje pieni\u0105dze? Co si\u0119 stanie, gdy zwr\u00f3c\u0119 moje dzia\u0142ki?","inLanguage":"pl-PL","potentialAction":[{"@type":"ReadAction","target":["https:\/\/ecobal.eu\/refund-and-returns-policy\/"]}]},{"@type":"WebSite","@id":"https:\/\/ecobal.eu\/#website","url":"https:\/\/ecobal.eu\/","name":"Ecobal","description":"Ecobal helps consumers and businesses to understand, preserve and offset, their carbon footprint.","publisher":{"@id":"https:\/\/ecobal.eu\/#organization"},"potentialAction":[{"@type":"SearchAction","target":{"@type":"EntryPoint","urlTemplate":"https:\/\/ecobal.eu\/?s={search_term_string}"},"query-input":"required name=search_term_string"}],"inLanguage":"pl-PL"},{"@type":"Organization","@id":"https:\/\/ecobal.eu\/#organization","name":"Ecobal","url":"https:\/\/ecobal.eu\/","logo":{"@type":"ImageObject","inLanguage":"pl-PL","@id":"https:\/\/ecobal.eu\/#\/schema\/logo\/image\/","url":"https:\/\/ecobal.eu\/app\/uploads\/2021\/10\/fav-icon.png","contentUrl":"https:\/\/ecobal.eu\/app\/uploads\/2021\/10\/fav-icon.png","width":100,"height":100,"caption":"Ecobal"},"image":{"@id":"https:\/\/ecobal.eu\/#\/schema\/logo\/image\/"},"sameAs":["https:\/\/www.linkedin.com\/company\/ecobal-eu"]}]}},"_links":{"self":[{"href":"https:\/\/ecobal.eu\/pl\/wp-json\/wp\/v2\/pages\/1324","targetHints":{"allow":["GET"]}}],"collection":[{"href":"https:\/\/ecobal.eu\/pl\/wp-json\/wp\/v2\/pages"}],"about":[{"href":"https:\/\/ecobal.eu\/pl\/wp-json\/wp\/v2\/types\/page"}],"author":[{"embeddable":true,"href":"https:\/\/ecobal.eu\/pl\/wp-json\/wp\/v2\/users\/1"}],"replies":[{"embeddable":true,"href":"https:\/\/ecobal.eu\/pl\/wp-json\/wp\/v2\/comments?post=1324"}],"version-history":[{"count":0,"href":"https:\/\/ecobal.eu\/pl\/wp-json\/wp\/v2\/pages\/1324\/revisions"}],"wp:attachment":[{"href":"https:\/\/ecobal.eu\/pl\/wp-json\/wp\/v2\/media?parent=1324"}],"curies":[{"name":"wp","href":"https:\/\/api.w.org\/{rel}","templated":true}]}}