{"id":2523,"date":"2023-11-29T14:38:50","date_gmt":"2023-11-29T14:38:50","guid":{"rendered":"https:\/\/ecobal.eu\/o-nas\/"},"modified":"2023-12-01T14:52:38","modified_gmt":"2023-12-01T14:52:38","slug":"o-nas","status":"publish","type":"page","link":"https:\/\/ecobal.eu\/pl\/o-nas\/","title":{"rendered":"O nas"},"content":{"rendered":"","protected":false},"excerpt":{"rendered":"","protected":false},"author":1,"featured_media":0,"parent":0,"menu_order":0,"comment_status":"closed","ping_status":"closed","template":"","meta":{"content-type":""},"class_list":["post-2523","page","type-page","status-publish","hentry"],"acf":[],"yoast_head":"<!-- This site is optimized with the Yoast SEO plugin v22.6 - https:\/\/yoast.com\/wordpress\/plugins\/seo\/ -->\n<title>Kim jeste\u015bmy - Ecobal Inwestujemy w Europejsk\u0105 Natur\u0119<\/title>\n<meta name=\"description\" content=\"O Ecobal - Kim jeste\u015bmy? Zobacz nasze kwalifikacje oraz certyfikaty. Kup swoj\u0105 dzia\u0142k\u0119!\" \/>\n<meta name=\"robots\" content=\"index, follow, max-snippet:-1, max-image-preview:large, max-video-preview:-1\" \/>\n<link rel=\"canonical\" href=\"https:\/\/ecobal.eu\/pl\/o-nas\/\" \/>\n<meta property=\"og:locale\" content=\"pl_PL\" \/>\n<meta property=\"og:type\" content=\"article\" \/>\n<meta property=\"og:title\" content=\"Kim jeste\u015bmy - Ecobal Inwestujemy w Europejsk\u0105 Natur\u0119\" \/>\n<meta property=\"og:description\" content=\"O Ecobal - Kim jeste\u015bmy? Zobacz nasze kwalifikacje oraz certyfikaty. Kup swoj\u0105 dzia\u0142k\u0119!\" \/>\n<meta property=\"og:url\" content=\"https:\/\/ecobal.eu\/pl\/o-nas\/\" \/>\n<meta property=\"og:site_name\" content=\"Ecobal\" \/>\n<meta property=\"article:modified_time\" content=\"2023-12-01T14:52:38+00:00\" \/>\n<meta name=\"twitter:card\" content=\"summary_large_image\" \/>\n<script type=\"application\/ld+json\" class=\"yoast-schema-graph\">{\"@context\":\"https:\/\/schema.org\",\"@graph\":[{\"@type\":\"WebPage\",\"@id\":\"https:\/\/ecobal.eu\/pl\/o-nas\/\",\"url\":\"https:\/\/ecobal.eu\/pl\/o-nas\/\",\"name\":\"Kim jeste\u015bmy - Ecobal Inwestujemy w Europejsk\u0105 Natur\u0119\",\"isPartOf\":{\"@id\":\"https:\/\/ecobal.eu\/#website\"},\"datePublished\":\"2023-11-29T14:38:50+00:00\",\"dateModified\":\"2023-12-01T14:52:38+00:00\",\"description\":\"O Ecobal - Kim jeste\u015bmy? Zobacz nasze kwalifikacje oraz certyfikaty. Kup swoj\u0105 dzia\u0142k\u0119!\",\"inLanguage\":\"pl-PL\",\"potentialAction\":[{\"@type\":\"ReadAction\",\"target\":[\"https:\/\/ecobal.eu\/pl\/o-nas\/\"]}]},{\"@type\":\"WebSite\",\"@id\":\"https:\/\/ecobal.eu\/#website\",\"url\":\"https:\/\/ecobal.eu\/\",\"name\":\"Ecobal\",\"description\":\"Ecobal helps consumers and businesses to understand, preserve and offset, their carbon footprint.\",\"publisher\":{\"@id\":\"https:\/\/ecobal.eu\/#organization\"},\"potentialAction\":[{\"@type\":\"SearchAction\",\"target\":{\"@type\":\"EntryPoint\",\"urlTemplate\":\"https:\/\/ecobal.eu\/?s={search_term_string}\"},\"query-input\":\"required name=search_term_string\"}],\"inLanguage\":\"pl-PL\"},{\"@type\":\"Organization\",\"@id\":\"https:\/\/ecobal.eu\/#organization\",\"name\":\"Ecobal\",\"url\":\"https:\/\/ecobal.eu\/\",\"logo\":{\"@type\":\"ImageObject\",\"inLanguage\":\"pl-PL\",\"@id\":\"https:\/\/ecobal.eu\/#\/schema\/logo\/image\/\",\"url\":\"https:\/\/ecobal.eu\/app\/uploads\/2021\/10\/fav-icon.png\",\"contentUrl\":\"https:\/\/ecobal.eu\/app\/uploads\/2021\/10\/fav-icon.png\",\"width\":100,\"height\":100,\"caption\":\"Ecobal\"},\"image\":{\"@id\":\"https:\/\/ecobal.eu\/#\/schema\/logo\/image\/\"},\"sameAs\":[\"https:\/\/www.linkedin.com\/company\/ecobal-eu\"]}]}<\/script>\n<!-- \/ Yoast SEO plugin. -->","yoast_head_json":{"title":"Kim jeste\u015bmy - Ecobal Inwestujemy w Europejsk\u0105 Natur\u0119","description":"O Ecobal - Kim jeste\u015bmy? Zobacz nasze kwalifikacje oraz certyfikaty. Kup swoj\u0105 dzia\u0142k\u0119!","robots":{"index":"index","follow":"follow","max-snippet":"max-snippet:-1","max-image-preview":"max-image-preview:large","max-video-preview":"max-video-preview:-1"},"canonical":"https:\/\/ecobal.eu\/pl\/o-nas\/","og_locale":"pl_PL","og_type":"article","og_title":"Kim jeste\u015bmy - Ecobal Inwestujemy w Europejsk\u0105 Natur\u0119","og_description":"O Ecobal - Kim jeste\u015bmy? Zobacz nasze kwalifikacje oraz certyfikaty. Kup swoj\u0105 dzia\u0142k\u0119!","og_url":"https:\/\/ecobal.eu\/pl\/o-nas\/","og_site_name":"Ecobal","article_modified_time":"2023-12-01T14:52:38+00:00","twitter_card":"summary_large_image","schema":{"@context":"https:\/\/schema.org","@graph":[{"@type":"WebPage","@id":"https:\/\/ecobal.eu\/pl\/o-nas\/","url":"https:\/\/ecobal.eu\/pl\/o-nas\/","name":"Kim jeste\u015bmy - Ecobal Inwestujemy w Europejsk\u0105 Natur\u0119","isPartOf":{"@id":"https:\/\/ecobal.eu\/#website"},"datePublished":"2023-11-29T14:38:50+00:00","dateModified":"2023-12-01T14:52:38+00:00","description":"O Ecobal - Kim jeste\u015bmy? Zobacz nasze kwalifikacje oraz certyfikaty. Kup swoj\u0105 dzia\u0142k\u0119!","inLanguage":"pl-PL","potentialAction":[{"@type":"ReadAction","target":["https:\/\/ecobal.eu\/pl\/o-nas\/"]}]},{"@type":"WebSite","@id":"https:\/\/ecobal.eu\/#website","url":"https:\/\/ecobal.eu\/","name":"Ecobal","description":"Ecobal helps consumers and businesses to understand, preserve and offset, their carbon footprint.","publisher":{"@id":"https:\/\/ecobal.eu\/#organization"},"potentialAction":[{"@type":"SearchAction","target":{"@type":"EntryPoint","urlTemplate":"https:\/\/ecobal.eu\/?s={search_term_string}"},"query-input":"required name=search_term_string"}],"inLanguage":"pl-PL"},{"@type":"Organization","@id":"https:\/\/ecobal.eu\/#organization","name":"Ecobal","url":"https:\/\/ecobal.eu\/","logo":{"@type":"ImageObject","inLanguage":"pl-PL","@id":"https:\/\/ecobal.eu\/#\/schema\/logo\/image\/","url":"https:\/\/ecobal.eu\/app\/uploads\/2021\/10\/fav-icon.png","contentUrl":"https:\/\/ecobal.eu\/app\/uploads\/2021\/10\/fav-icon.png","width":100,"height":100,"caption":"Ecobal"},"image":{"@id":"https:\/\/ecobal.eu\/#\/schema\/logo\/image\/"},"sameAs":["https:\/\/www.linkedin.com\/company\/ecobal-eu"]}]}},"_links":{"self":[{"href":"https:\/\/ecobal.eu\/pl\/wp-json\/wp\/v2\/pages\/2523","targetHints":{"allow":["GET"]}}],"collection":[{"href":"https:\/\/ecobal.eu\/pl\/wp-json\/wp\/v2\/pages"}],"about":[{"href":"https:\/\/ecobal.eu\/pl\/wp-json\/wp\/v2\/types\/page"}],"author":[{"embeddable":true,"href":"https:\/\/ecobal.eu\/pl\/wp-json\/wp\/v2\/users\/1"}],"replies":[{"embeddable":true,"href":"https:\/\/ecobal.eu\/pl\/wp-json\/wp\/v2\/comments?post=2523"}],"version-history":[{"count":0,"href":"https:\/\/ecobal.eu\/pl\/wp-json\/wp\/v2\/pages\/2523\/revisions"}],"wp:attachment":[{"href":"https:\/\/ecobal.eu\/pl\/wp-json\/wp\/v2\/media?parent=2523"}],"curies":[{"name":"wp","href":"https:\/\/api.w.org\/{rel}","templated":true}]}}