{"id":2634,"date":"2023-12-06T14:25:21","date_gmt":"2023-12-06T14:25:21","guid":{"rendered":"https:\/\/ecobal.eu\/sluit-je-aan-bij-ecobal\/"},"modified":"2024-03-29T08:13:14","modified_gmt":"2024-03-29T08:13:14","slug":"dolacz-do-ecobala","status":"publish","type":"page","link":"https:\/\/ecobal.eu\/pl\/dolacz-do-ecobala\/","title":{"rendered":"Do\u0142\u0105cz do Ecobala."},"content":{"rendered":"\n","protected":false},"excerpt":{"rendered":"","protected":false},"author":1,"featured_media":0,"parent":0,"menu_order":0,"comment_status":"closed","ping_status":"closed","template":"","meta":{"content-type":""},"class_list":["post-2634","page","type-page","status-publish","hentry"],"acf":[],"yoast_head":"<!-- This site is optimized with the Yoast SEO plugin v22.6 - https:\/\/yoast.com\/wordpress\/plugins\/seo\/ -->\n<title>Do\u0142\u0105cz do Ecobala. - Ecobal Vind onze producten en mogelijkheid om te bestellen<\/title>\n<meta name=\"description\" content=\"Do\u0142\u0105cz do Ecobala. Na tej stronie znajdziesz opcje naszych produkt\u00f3w oraz link do sposobu sk\u0142adania zam\u00f3wienia. Czy przy\u0142\u0105czasz si\u0119 do naszego ruchu?\" \/>\n<meta name=\"robots\" content=\"index, follow, max-snippet:-1, max-image-preview:large, max-video-preview:-1\" \/>\n<link rel=\"canonical\" href=\"https:\/\/ecobal.eu\/pl\/dolacz-do-ecobala\/\" \/>\n<meta property=\"og:locale\" content=\"pl_PL\" \/>\n<meta property=\"og:type\" content=\"article\" \/>\n<meta property=\"og:title\" content=\"Do\u0142\u0105cz do Ecobala. - Ecobal Vind onze producten en mogelijkheid om te bestellen\" \/>\n<meta property=\"og:description\" content=\"Do\u0142\u0105cz do Ecobala. Na tej stronie znajdziesz opcje naszych produkt\u00f3w oraz link do sposobu sk\u0142adania zam\u00f3wienia. Czy przy\u0142\u0105czasz si\u0119 do naszego ruchu?\" \/>\n<meta property=\"og:url\" content=\"https:\/\/ecobal.eu\/pl\/dolacz-do-ecobala\/\" \/>\n<meta property=\"og:site_name\" content=\"Ecobal\" \/>\n<meta property=\"article:modified_time\" content=\"2024-03-29T08:13:14+00:00\" \/>\n<meta name=\"twitter:card\" content=\"summary_large_image\" \/>\n<meta name=\"twitter:label1\" content=\"Est. reading time\" \/>\n\t<meta name=\"twitter:data1\" content=\"1 minute\" \/>\n<script type=\"application\/ld+json\" class=\"yoast-schema-graph\">{\"@context\":\"https:\/\/schema.org\",\"@graph\":[{\"@type\":\"WebPage\",\"@id\":\"https:\/\/ecobal.eu\/pl\/dolacz-do-ecobala\/\",\"url\":\"https:\/\/ecobal.eu\/pl\/dolacz-do-ecobala\/\",\"name\":\"Do\u0142\u0105cz do Ecobala. - Ecobal Vind onze producten en mogelijkheid om te bestellen\",\"isPartOf\":{\"@id\":\"https:\/\/ecobal.eu\/#website\"},\"datePublished\":\"2023-12-06T14:25:21+00:00\",\"dateModified\":\"2024-03-29T08:13:14+00:00\",\"description\":\"Do\u0142\u0105cz do Ecobala. Na tej stronie znajdziesz opcje naszych produkt\u00f3w oraz link do sposobu sk\u0142adania zam\u00f3wienia. Czy przy\u0142\u0105czasz si\u0119 do naszego ruchu?\",\"inLanguage\":\"pl-PL\",\"potentialAction\":[{\"@type\":\"ReadAction\",\"target\":[\"https:\/\/ecobal.eu\/pl\/dolacz-do-ecobala\/\"]}]},{\"@type\":\"WebSite\",\"@id\":\"https:\/\/ecobal.eu\/#website\",\"url\":\"https:\/\/ecobal.eu\/\",\"name\":\"Ecobal\",\"description\":\"Ecobal helps consumers and businesses to understand, preserve and offset, their carbon footprint.\",\"publisher\":{\"@id\":\"https:\/\/ecobal.eu\/#organization\"},\"potentialAction\":[{\"@type\":\"SearchAction\",\"target\":{\"@type\":\"EntryPoint\",\"urlTemplate\":\"https:\/\/ecobal.eu\/?s={search_term_string}\"},\"query-input\":\"required name=search_term_string\"}],\"inLanguage\":\"pl-PL\"},{\"@type\":\"Organization\",\"@id\":\"https:\/\/ecobal.eu\/#organization\",\"name\":\"Ecobal\",\"url\":\"https:\/\/ecobal.eu\/\",\"logo\":{\"@type\":\"ImageObject\",\"inLanguage\":\"pl-PL\",\"@id\":\"https:\/\/ecobal.eu\/#\/schema\/logo\/image\/\",\"url\":\"https:\/\/ecobal.eu\/app\/uploads\/2021\/10\/fav-icon.png\",\"contentUrl\":\"https:\/\/ecobal.eu\/app\/uploads\/2021\/10\/fav-icon.png\",\"width\":100,\"height\":100,\"caption\":\"Ecobal\"},\"image\":{\"@id\":\"https:\/\/ecobal.eu\/#\/schema\/logo\/image\/\"},\"sameAs\":[\"https:\/\/www.linkedin.com\/company\/ecobal-eu\"]}]}<\/script>\n<!-- \/ Yoast SEO plugin. -->","yoast_head_json":{"title":"Do\u0142\u0105cz do Ecobala. - Ecobal Vind onze producten en mogelijkheid om te bestellen","description":"Do\u0142\u0105cz do Ecobala. Na tej stronie znajdziesz opcje naszych produkt\u00f3w oraz link do sposobu sk\u0142adania zam\u00f3wienia. Czy przy\u0142\u0105czasz si\u0119 do naszego ruchu?","robots":{"index":"index","follow":"follow","max-snippet":"max-snippet:-1","max-image-preview":"max-image-preview:large","max-video-preview":"max-video-preview:-1"},"canonical":"https:\/\/ecobal.eu\/pl\/dolacz-do-ecobala\/","og_locale":"pl_PL","og_type":"article","og_title":"Do\u0142\u0105cz do Ecobala. - Ecobal Vind onze producten en mogelijkheid om te bestellen","og_description":"Do\u0142\u0105cz do Ecobala. Na tej stronie znajdziesz opcje naszych produkt\u00f3w oraz link do sposobu sk\u0142adania zam\u00f3wienia. Czy przy\u0142\u0105czasz si\u0119 do naszego ruchu?","og_url":"https:\/\/ecobal.eu\/pl\/dolacz-do-ecobala\/","og_site_name":"Ecobal","article_modified_time":"2024-03-29T08:13:14+00:00","twitter_card":"summary_large_image","twitter_misc":{"Est. reading time":"1 minute"},"schema":{"@context":"https:\/\/schema.org","@graph":[{"@type":"WebPage","@id":"https:\/\/ecobal.eu\/pl\/dolacz-do-ecobala\/","url":"https:\/\/ecobal.eu\/pl\/dolacz-do-ecobala\/","name":"Do\u0142\u0105cz do Ecobala. - Ecobal Vind onze producten en mogelijkheid om te bestellen","isPartOf":{"@id":"https:\/\/ecobal.eu\/#website"},"datePublished":"2023-12-06T14:25:21+00:00","dateModified":"2024-03-29T08:13:14+00:00","description":"Do\u0142\u0105cz do Ecobala. Na tej stronie znajdziesz opcje naszych produkt\u00f3w oraz link do sposobu sk\u0142adania zam\u00f3wienia. Czy przy\u0142\u0105czasz si\u0119 do naszego ruchu?","inLanguage":"pl-PL","potentialAction":[{"@type":"ReadAction","target":["https:\/\/ecobal.eu\/pl\/dolacz-do-ecobala\/"]}]},{"@type":"WebSite","@id":"https:\/\/ecobal.eu\/#website","url":"https:\/\/ecobal.eu\/","name":"Ecobal","description":"Ecobal helps consumers and businesses to understand, preserve and offset, their carbon footprint.","publisher":{"@id":"https:\/\/ecobal.eu\/#organization"},"potentialAction":[{"@type":"SearchAction","target":{"@type":"EntryPoint","urlTemplate":"https:\/\/ecobal.eu\/?s={search_term_string}"},"query-input":"required name=search_term_string"}],"inLanguage":"pl-PL"},{"@type":"Organization","@id":"https:\/\/ecobal.eu\/#organization","name":"Ecobal","url":"https:\/\/ecobal.eu\/","logo":{"@type":"ImageObject","inLanguage":"pl-PL","@id":"https:\/\/ecobal.eu\/#\/schema\/logo\/image\/","url":"https:\/\/ecobal.eu\/app\/uploads\/2021\/10\/fav-icon.png","contentUrl":"https:\/\/ecobal.eu\/app\/uploads\/2021\/10\/fav-icon.png","width":100,"height":100,"caption":"Ecobal"},"image":{"@id":"https:\/\/ecobal.eu\/#\/schema\/logo\/image\/"},"sameAs":["https:\/\/www.linkedin.com\/company\/ecobal-eu"]}]}},"_links":{"self":[{"href":"https:\/\/ecobal.eu\/pl\/wp-json\/wp\/v2\/pages\/2634","targetHints":{"allow":["GET"]}}],"collection":[{"href":"https:\/\/ecobal.eu\/pl\/wp-json\/wp\/v2\/pages"}],"about":[{"href":"https:\/\/ecobal.eu\/pl\/wp-json\/wp\/v2\/types\/page"}],"author":[{"embeddable":true,"href":"https:\/\/ecobal.eu\/pl\/wp-json\/wp\/v2\/users\/1"}],"replies":[{"embeddable":true,"href":"https:\/\/ecobal.eu\/pl\/wp-json\/wp\/v2\/comments?post=2634"}],"version-history":[{"count":1,"href":"https:\/\/ecobal.eu\/pl\/wp-json\/wp\/v2\/pages\/2634\/revisions"}],"predecessor-version":[{"id":2765,"href":"https:\/\/ecobal.eu\/pl\/wp-json\/wp\/v2\/pages\/2634\/revisions\/2765"}],"wp:attachment":[{"href":"https:\/\/ecobal.eu\/pl\/wp-json\/wp\/v2\/media?parent=2634"}],"curies":[{"name":"wp","href":"https:\/\/api.w.org\/{rel}","templated":true}]}}