{"id":1329,"date":"2021-06-18T22:11:44","date_gmt":"2022-02-11T13:51:04","guid":{"rendered":"https:\/\/ecobal.eu\/product\/posadz-drzewo\/"},"modified":"2026-04-03T03:52:23","modified_gmt":"2026-04-03T03:52:23","slug":"posadz-drzewo","status":"publish","type":"product","link":"https:\/\/ecobal.eu\/pl\/produkt\/posadz-drzewo\/","title":{"rendered":"Zasadzi\u0107 drzewo"},"content":{"rendered":"<p><span style=\"font-weight: 400;\">Mo\u017cesz przekaza\u0107 jedno lub wi\u0119cej drzew na wybrany przez siebie las. Mo\u017cesz przekaza\u0107 dowoln\u0105 liczb\u0119 pr\u00f3b. Drzewa b\u0119d\u0105 rodzime dla lasu, w kt\u00f3rym si\u0119 znajduj\u0105. Pojedyncze drzewa b\u0119d\u0105 sadzone w sezonie wraz z wi\u0119kszymi projektami sadzenia drzew.<\/span><\/p>\n<p>&nbsp;<\/p>\n","protected":false},"excerpt":{"rendered":"<p><span style=\"font-weight: 400;\">Naj\u0142atwiejszym i bezpo\u015brednim sposobem wspierania cel\u00f3w zr\u00f3wnowa\u017conego rozwoju jest wspieranie drzewa. <\/span><\/p>\n<p>Niezale\u017cnie od wielko\u015bci Twojej firmy, czy nawet osoby prywatnej, ka\u017cdy mo\u017ce do\u0142\u0105czy\u0107 do naszego ruchu.<\/p>\n","protected":false},"featured_media":1181,"comment_status":"open","ping_status":"closed","template":"","meta":{"content-type":""},"product_cat":[],"product_tag":[],"class_list":{"0":"post-1329","1":"product","2":"type-product","3":"status-publish","4":"has-post-thumbnail","7":"first","8":"instock","9":"taxable","10":"shipping-taxable","11":"purchasable","12":"product-type-variable-subscription","13":"has-default-attributes"},"acf":[],"yoast_head":"<!-- This site is optimized with the Yoast SEO plugin v22.6 - https:\/\/yoast.com\/wordpress\/plugins\/seo\/ -->\n<title>Zasadzi\u0107 drzewo - Ecobal - What does it mean?<\/title>\n<meta name=\"description\" content=\"Posad\u017a drzewo przez Ecobal to najprostszy spos\u00f3b na wsparcie cel\u00f3w zr\u00f3wnowa\u017conego rozwoju. Prosty spos\u00f3b na przy\u0142\u0105czenie si\u0119 do ruchu jako osoba prywatna lub firma\" \/>\n<meta name=\"robots\" content=\"index, follow, max-snippet:-1, max-image-preview:large, max-video-preview:-1\" \/>\n<link rel=\"canonical\" href=\"https:\/\/ecobal.eu\/pl\/produkt\/posadz-drzewo\/\" \/>\n<meta property=\"og:locale\" content=\"pl_PL\" \/>\n<meta property=\"og:type\" content=\"article\" \/>\n<meta property=\"og:title\" content=\"Zasadzi\u0107 drzewo - Ecobal - What does it mean?\" \/>\n<meta property=\"og:description\" content=\"Posad\u017a drzewo przez Ecobal to najprostszy spos\u00f3b na wsparcie cel\u00f3w zr\u00f3wnowa\u017conego rozwoju. Prosty spos\u00f3b na przy\u0142\u0105czenie si\u0119 do ruchu jako osoba prywatna lub firma\" \/>\n<meta property=\"og:url\" content=\"https:\/\/ecobal.eu\/pl\/produkt\/posadz-drzewo\/\" \/>\n<meta property=\"og:site_name\" content=\"Ecobal\" \/>\n<meta property=\"article:modified_time\" content=\"2026-04-03T03:52:23+00:00\" \/>\n<meta property=\"og:image\" content=\"https:\/\/ecobal.eu\/app\/uploads\/2021\/06\/product-detail-page-image.jpg\" \/>\n\t<meta property=\"og:image:width\" content=\"700\" \/>\n\t<meta property=\"og:image:height\" content=\"700\" \/>\n\t<meta property=\"og:image:type\" content=\"image\/jpeg\" \/>\n<meta name=\"twitter:card\" content=\"summary_large_image\" \/>\n<meta name=\"twitter:label1\" content=\"Est. reading time\" \/>\n\t<meta name=\"twitter:data1\" content=\"1 minute\" \/>\n<script type=\"application\/ld+json\" class=\"yoast-schema-graph\">{\"@context\":\"https:\/\/schema.org\",\"@graph\":[{\"@type\":\"WebPage\",\"@id\":\"https:\/\/ecobal.eu\/pl\/produkt\/posadz-drzewo\/\",\"url\":\"https:\/\/ecobal.eu\/pl\/produkt\/posadz-drzewo\/\",\"name\":\"Zasadzi\u0107 drzewo - Ecobal - What does it mean?\",\"isPartOf\":{\"@id\":\"https:\/\/ecobal.eu\/#website\"},\"primaryImageOfPage\":{\"@id\":\"https:\/\/ecobal.eu\/pl\/produkt\/posadz-drzewo\/#primaryimage\"},\"image\":{\"@id\":\"https:\/\/ecobal.eu\/pl\/produkt\/posadz-drzewo\/#primaryimage\"},\"thumbnailUrl\":\"https:\/\/ecobal.eu\/app\/uploads\/2021\/06\/product-detail-page-image.jpg\",\"datePublished\":\"2022-02-11T13:51:04+00:00\",\"dateModified\":\"2026-04-03T03:52:23+00:00\",\"description\":\"Posad\u017a drzewo przez Ecobal to najprostszy spos\u00f3b na wsparcie cel\u00f3w zr\u00f3wnowa\u017conego rozwoju. Prosty spos\u00f3b na przy\u0142\u0105czenie si\u0119 do ruchu jako osoba prywatna lub firma\",\"inLanguage\":\"pl-PL\",\"potentialAction\":[{\"@type\":\"ReadAction\",\"target\":[\"https:\/\/ecobal.eu\/pl\/produkt\/posadz-drzewo\/\"]}]},{\"@type\":\"ImageObject\",\"inLanguage\":\"pl-PL\",\"@id\":\"https:\/\/ecobal.eu\/pl\/produkt\/posadz-drzewo\/#primaryimage\",\"url\":\"https:\/\/ecobal.eu\/app\/uploads\/2021\/06\/product-detail-page-image.jpg\",\"contentUrl\":\"https:\/\/ecobal.eu\/app\/uploads\/2021\/06\/product-detail-page-image.jpg\",\"width\":700,\"height\":700},{\"@type\":\"WebSite\",\"@id\":\"https:\/\/ecobal.eu\/#website\",\"url\":\"https:\/\/ecobal.eu\/\",\"name\":\"Ecobal\",\"description\":\"Ecobal helps consumers and businesses to understand, preserve and offset, their carbon footprint.\",\"publisher\":{\"@id\":\"https:\/\/ecobal.eu\/#organization\"},\"potentialAction\":[{\"@type\":\"SearchAction\",\"target\":{\"@type\":\"EntryPoint\",\"urlTemplate\":\"https:\/\/ecobal.eu\/?s={search_term_string}\"},\"query-input\":\"required name=search_term_string\"}],\"inLanguage\":\"pl-PL\"},{\"@type\":\"Organization\",\"@id\":\"https:\/\/ecobal.eu\/#organization\",\"name\":\"Ecobal\",\"url\":\"https:\/\/ecobal.eu\/\",\"logo\":{\"@type\":\"ImageObject\",\"inLanguage\":\"pl-PL\",\"@id\":\"https:\/\/ecobal.eu\/#\/schema\/logo\/image\/\",\"url\":\"https:\/\/ecobal.eu\/app\/uploads\/2021\/10\/fav-icon.png\",\"contentUrl\":\"https:\/\/ecobal.eu\/app\/uploads\/2021\/10\/fav-icon.png\",\"width\":100,\"height\":100,\"caption\":\"Ecobal\"},\"image\":{\"@id\":\"https:\/\/ecobal.eu\/#\/schema\/logo\/image\/\"},\"sameAs\":[\"https:\/\/www.linkedin.com\/company\/ecobal-eu\"]}]}<\/script>\n<!-- \/ Yoast SEO plugin. -->","yoast_head_json":{"title":"Zasadzi\u0107 drzewo - Ecobal - What does it mean?","description":"Posad\u017a drzewo przez Ecobal to najprostszy spos\u00f3b na wsparcie cel\u00f3w zr\u00f3wnowa\u017conego rozwoju. Prosty spos\u00f3b na przy\u0142\u0105czenie si\u0119 do ruchu jako osoba prywatna lub firma","robots":{"index":"index","follow":"follow","max-snippet":"max-snippet:-1","max-image-preview":"max-image-preview:large","max-video-preview":"max-video-preview:-1"},"canonical":"https:\/\/ecobal.eu\/pl\/produkt\/posadz-drzewo\/","og_locale":"pl_PL","og_type":"article","og_title":"Zasadzi\u0107 drzewo - Ecobal - What does it mean?","og_description":"Posad\u017a drzewo przez Ecobal to najprostszy spos\u00f3b na wsparcie cel\u00f3w zr\u00f3wnowa\u017conego rozwoju. Prosty spos\u00f3b na przy\u0142\u0105czenie si\u0119 do ruchu jako osoba prywatna lub firma","og_url":"https:\/\/ecobal.eu\/pl\/produkt\/posadz-drzewo\/","og_site_name":"Ecobal","article_modified_time":"2026-04-03T03:52:23+00:00","og_image":[{"width":700,"height":700,"url":"https:\/\/ecobal.eu\/app\/uploads\/2021\/06\/product-detail-page-image.jpg","type":"image\/jpeg"}],"twitter_card":"summary_large_image","twitter_misc":{"Est. reading time":"1 minute"},"schema":{"@context":"https:\/\/schema.org","@graph":[{"@type":"WebPage","@id":"https:\/\/ecobal.eu\/pl\/produkt\/posadz-drzewo\/","url":"https:\/\/ecobal.eu\/pl\/produkt\/posadz-drzewo\/","name":"Zasadzi\u0107 drzewo - Ecobal - What does it mean?","isPartOf":{"@id":"https:\/\/ecobal.eu\/#website"},"primaryImageOfPage":{"@id":"https:\/\/ecobal.eu\/pl\/produkt\/posadz-drzewo\/#primaryimage"},"image":{"@id":"https:\/\/ecobal.eu\/pl\/produkt\/posadz-drzewo\/#primaryimage"},"thumbnailUrl":"https:\/\/ecobal.eu\/app\/uploads\/2021\/06\/product-detail-page-image.jpg","datePublished":"2022-02-11T13:51:04+00:00","dateModified":"2026-04-03T03:52:23+00:00","description":"Posad\u017a drzewo przez Ecobal to najprostszy spos\u00f3b na wsparcie cel\u00f3w zr\u00f3wnowa\u017conego rozwoju. Prosty spos\u00f3b na przy\u0142\u0105czenie si\u0119 do ruchu jako osoba prywatna lub firma","inLanguage":"pl-PL","potentialAction":[{"@type":"ReadAction","target":["https:\/\/ecobal.eu\/pl\/produkt\/posadz-drzewo\/"]}]},{"@type":"ImageObject","inLanguage":"pl-PL","@id":"https:\/\/ecobal.eu\/pl\/produkt\/posadz-drzewo\/#primaryimage","url":"https:\/\/ecobal.eu\/app\/uploads\/2021\/06\/product-detail-page-image.jpg","contentUrl":"https:\/\/ecobal.eu\/app\/uploads\/2021\/06\/product-detail-page-image.jpg","width":700,"height":700},{"@type":"WebSite","@id":"https:\/\/ecobal.eu\/#website","url":"https:\/\/ecobal.eu\/","name":"Ecobal","description":"Ecobal helps consumers and businesses to understand, preserve and offset, their carbon footprint.","publisher":{"@id":"https:\/\/ecobal.eu\/#organization"},"potentialAction":[{"@type":"SearchAction","target":{"@type":"EntryPoint","urlTemplate":"https:\/\/ecobal.eu\/?s={search_term_string}"},"query-input":"required name=search_term_string"}],"inLanguage":"pl-PL"},{"@type":"Organization","@id":"https:\/\/ecobal.eu\/#organization","name":"Ecobal","url":"https:\/\/ecobal.eu\/","logo":{"@type":"ImageObject","inLanguage":"pl-PL","@id":"https:\/\/ecobal.eu\/#\/schema\/logo\/image\/","url":"https:\/\/ecobal.eu\/app\/uploads\/2021\/10\/fav-icon.png","contentUrl":"https:\/\/ecobal.eu\/app\/uploads\/2021\/10\/fav-icon.png","width":100,"height":100,"caption":"Ecobal"},"image":{"@id":"https:\/\/ecobal.eu\/#\/schema\/logo\/image\/"},"sameAs":["https:\/\/www.linkedin.com\/company\/ecobal-eu"]}]}},"_links":{"self":[{"href":"https:\/\/ecobal.eu\/pl\/wp-json\/wp\/v2\/product\/1329","targetHints":{"allow":["GET"]}}],"collection":[{"href":"https:\/\/ecobal.eu\/pl\/wp-json\/wp\/v2\/product"}],"about":[{"href":"https:\/\/ecobal.eu\/pl\/wp-json\/wp\/v2\/types\/product"}],"replies":[{"embeddable":true,"href":"https:\/\/ecobal.eu\/pl\/wp-json\/wp\/v2\/comments?post=1329"}],"wp:featuredmedia":[{"embeddable":true,"href":"https:\/\/ecobal.eu\/pl\/wp-json\/wp\/v2\/media\/1181"}],"wp:attachment":[{"href":"https:\/\/ecobal.eu\/pl\/wp-json\/wp\/v2\/media?parent=1329"}],"wp:term":[{"taxonomy":"product_cat","embeddable":true,"href":"https:\/\/ecobal.eu\/pl\/wp-json\/wp\/v2\/product_cat?post=1329"},{"taxonomy":"product_tag","embeddable":true,"href":"https:\/\/ecobal.eu\/pl\/wp-json\/wp\/v2\/product_tag?post=1329"}],"curies":[{"name":"wp","href":"https:\/\/api.w.org\/{rel}","templated":true}]}}